{"id":3508,"date":"2023-10-02T14:18:35","date_gmt":"2023-10-02T12:18:35","guid":{"rendered":"https:\/\/www.bestwestern-vannescentre.com\/?page_id=3508"},"modified":"2024-06-27T09:08:33","modified_gmt":"2024-06-27T07:08:33","slug":"das-morbihan-besuchen","status":"publish","type":"page","link":"https:\/\/www.bestwestern-vannescentre.com\/de\/das-morbihan-besuchen\/","title":{"rendered":"Morbihan besuchen"},"content":{"rendered":"<div data-elementor-type=\"wp-page\" data-elementor-id=\"3508\" class=\"elementor elementor-3508\" data-elementor-post-type=\"page\">\n\t\t\t\t<div class=\"elementor-element elementor-element-5f9660a e-con-full e-flex e-con e-parent\" data-id=\"5f9660a\" data-element_type=\"container\" data-settings=\"{&quot;background_background&quot;:&quot;classic&quot;}\">\n\t\t\t\t<div class=\"elementor-element elementor-element-3bc3c8c elementor-widget elementor-widget-heading\" data-id=\"3bc3c8c\" data-element_type=\"widget\" data-widget_type=\"heading.default\">\n\t\t\t\t<div class=\"elementor-widget-container\">\n\t\t\t\t\t<h1 class=\"elementor-heading-title elementor-size-default\">Morbihan besuchen<\/h1>\t\t\t\t<\/div>\n\t\t\t\t<\/div>\n\t\t\t\t<\/div>\n\t\t<div class=\"elementor-element elementor-element-b27345a e-flex e-con-boxed e-con e-parent\" data-id=\"b27345a\" data-element_type=\"container\">\n\t\t\t\t\t<div class=\"e-con-inner\">\n\t\t\t\t<div class=\"elementor-element elementor-element-9d34a93 elementor-widget elementor-widget-heading\" data-id=\"9d34a93\" data-element_type=\"widget\" data-widget_type=\"heading.default\">\n\t\t\t\t<div class=\"elementor-widget-container\">\n\t\t\t\t\t<h2 class=\"elementor-heading-title elementor-size-default\">Was kann man in Vannes besichtigen?<\/h2>\t\t\t\t<\/div>\n\t\t\t\t<\/div>\n\t\t\t\t\t<\/div>\n\t\t\t\t<\/div>\n\t\t<div class=\"elementor-element elementor-element-002f669 e-flex e-con-boxed e-con e-parent\" data-id=\"002f669\" data-element_type=\"container\">\n\t\t\t\t\t<div class=\"e-con-inner\">\n\t\t\t\t<div class=\"elementor-element elementor-element-bbad422 elementor-widget elementor-widget-heading\" data-id=\"bbad422\" data-element_type=\"widget\" data-widget_type=\"heading.default\">\n\t\t\t\t<div class=\"elementor-widget-container\">\n\t\t\t\t\t<h2 class=\"elementor-heading-title elementor-size-default\">Vannes ist eine Stadt mit 53 000 Einwohnern im s\u00fcdlichen Teil der Bretagne. Ihr mittelalterliches Aussehen und ihre Zugeh\u00f6rigkeit zum Golf von Morbihan werden Sie begeistern! Aber was kann man in Vannes w\u00e4hrend Ihres Aufenthalts im Best Western Vannes besichtigen?<\/h2>\t\t\t\t<\/div>\n\t\t\t\t<\/div>\n\t\t\t\t<div class=\"elementor-element elementor-element-9ea4ff6 elementor-widget elementor-widget-text-editor\" data-id=\"9ea4ff6\" data-element_type=\"widget\" data-widget_type=\"text-editor.default\">\n\t\t\t\t<div class=\"elementor-widget-container\">\n\t\t\t\t\t\t\t\t\t<h2><strong>Ein unglaubliches bretonisches Erbe<\/strong><\/h2><p>F\u00fcr Liebhaber des Kulturerbes erf\u00fcllt die Stadt Vannes alle Kriterien. Beginnen Sie damit, durch die engen Gassen zu schlendern und die bunten Fachwerkh\u00e4user zu bewundern. Das historische Zentrum ist von Stadtmauern umgeben. Diese sind besonders alt, denn sie stammen aus der Mitte des 3.<sup>\u00e8me<\/sup>\u00a0Jahrhundert, als die Stadt den Namen Darioritum trug. Unterhalb der Stadtmauer k\u00f6nnen Sie die alten Waschh\u00e4user bewundern, die in vierj\u00e4hriger Bauzeit zwischen 1817 und 1821 errichtet wurden. Wenn Sie weiter nach oben gehen, genie\u00dfen Sie den Blick auf die\u00a0<a title=\"turm des conn\u00e9table historisches zentrum vannes\" href=\"https:\/\/www.tripadvisor.fr\/Attraction_Review-g196537-d14135687-Reviews-Tour_du_Connetable-Vannes_Morbihan_Brittany.html\" target=\"_blank\" rel=\"noopener noreferrer nofollow\">Conn\u00e9table-Turm<\/a>.<\/p><p>Zu den Geb\u00e4uden, die man in Vannes nicht verpassen sollte, geh\u00f6rt die Kathedrale Saint-Pierre, die seit 1906 als historisches Denkmal eingestuft ist. Zwanzig Jahre zuvor erschien das H\u00f4tel de Ville, eine genaue Kopie des Pariser Rathauses. Die Region Bretagne ist eine der wichtigsten Regionen des franz\u00f6sischen Staatsgebiets. Vannes war fr\u00fcher der Sitz des bretonischen Parlaments, was ein Beweis f\u00fcr seine Bedeutung ist. Das Ch\u00e2teau de l'Hermine ist die ehemalige Residenz der Herz\u00f6ge der Bretagne. Wer neugierig auf die Vergangenheit der mittelalterlichen Stadt ist, erf\u00e4hrt mehr bei einem Besuch in\u00a0<a title=\"Museum der Sch\u00f6nen K\u00fcnste La Cohue Vannes Bretagne\" href=\"https:\/\/bretagnemusees.bzh\/musee\/la-cohue-musee-des-beaux-arts-de-vannes\/\" target=\"_blank\" rel=\"noopener noreferrer nofollow\">Die Kohue<\/a>Das zeitgen\u00f6ssische Museum<\/p><p>Die Zugeh\u00f6rigkeit von Vannes zum\u00a0<a title=\"Besuchen Sie den Golf von Morbihan Bretagne\" href=\"https:\/\/www.bestwestern-vannescentre.com\/de\/vannes-golfe.html\/\">Golf von Morbihan<\/a>\u00a0bietet Zugang zu \u00fcber 300 Inseln und Inselchen, wie z. B. der<a title=\"ile d&#039;Arz urlaub in der bretagne\" href=\"https:\/\/www.morbihan.com\/accueil\/cote-mer\/les-iles-terres-du-large\/ile-d-arz\" target=\"_blank\" rel=\"noopener noreferrer nofollow\">\u00cele d'Arz<\/a>\u00a0oder auch die<a title=\"\u00eele aux Moines Golf von Morbihan Bretagne\" href=\"https:\/\/www.morbihan.com\/accueil\/cote-mer\/les-iles-terres-du-large\/ile-aux-moines\" target=\"_blank\" rel=\"noopener noreferrer nofollow\">\u00cele aux Moines<\/a>. Sie wird als eine der sch\u00f6nsten Buchten der Welt kategorisiert. Auf der Meeresseite sind es der Hafen und das Segeln, die Ihr Herz in Vannes h\u00f6her schlagen lassen. Landseite,\u00a0<a title=\"K\u00fcsten- und Wanderwege GR34 Golf von Morbihan\" href=\"https:\/\/www.golfedumorbihan.bzh\/explorer-vannes\/activites-vannes\/randonnee-pedestre\/randonnees-vannes-alentours\/\" target=\"_blank\" rel=\"noopener noreferrer nofollow\">die zahlreichen K\u00fcstenpfade<\/a>\u00a0eignen sich hervorragend f\u00fcr Wanderfreunde!<\/p><p>Ob Sie nun mit dem Fahrrad oder zu Fu\u00df unterwegs sind, finden Sie die\u00a0<a title=\"Karte Bretagne Rad- und Wanderwege\" href=\"https:\/\/fr.calameo.com\/read\/000001315469a6538f8f7?page=1\" target=\"_blank\" rel=\"noopener noreferrer nofollow\"><strong>Karte der Bretagne mit Pfaden und Radwegen<\/strong><\/a>.<\/p><h2><strong>Aktivit\u00e4ten f\u00fcr jeden Geschmack in Vannes<\/strong><\/h2><p>Vannes ist nicht nur eine Aneinanderreihung von Aussichtspunkten und historischen Bauwerken, von denen eines sch\u00f6ner und bewundernswerter als das andere ist. Die Stadt ist auch ein Ort, an dem man gut ausgehen und sich am\u00fcsieren kann. In den zahlreichen Boutiquen k\u00f6nnen Sie sich in den Farben der bretonischen Landschaft kleiden. Z\u00f6gern Sie danach nicht, sich auf\u00a0<a title=\"Hafen von Vannes, den Sie in Morbihan nicht verpassen sollten\" href=\"https:\/\/www.passeportescales.com\/fr\/port-vannes\" target=\"_blank\" rel=\"noopener noreferrer nofollow\">der Hafen von Vannes<\/a>\u00a0um etwas zu trinken und das maritime Klima zu genie\u00dfen. Nutzen Sie auch die Gelegenheit, um die regionalen Spezialit\u00e4ten zu probieren :\u00a0<a title=\"Austernverkostung Golf von Morbihan Vannes\" href=\"https:\/\/www.golfedumorbihan.bzh\/explorer-vannes\/gastronomie-vannes\/deguster-des-huitres\/\" target=\"_blank\" rel=\"noopener noreferrer nofollow\">die Austern des Golfs<\/a>Die meisten Menschen, die sich in der Region aufhalten, trinken den lokalen Cidre oder den ber\u00fchmten Kouign Amann.<\/p><p>Das ganze Jahr \u00fcber finden in der Stadt Festivals statt: Jazz und historische Feste. Die\u00a0<a title=\"bar restaurant original am wasser Piano Barge Vannes\" href=\"https:\/\/www.morbihan.com\/vannes\/piano-barge\/tabid\/12419\/offreid\/1329886a-b899-427a-8969-5f5e7a316660\" target=\"_blank\" rel=\"noopener noreferrer nofollow\">Piano Barge<\/a>\u00a0ist \u00fcbrigens ein sehr beliebtes Bar- und Showschiff. Und wer sich zu einem Brunch treffen m\u00f6chte, wird Folgendes zu sch\u00e4tzen wissen\u00a0<a title=\"restaurant brunch vannes bretagne\" href=\"https:\/\/www.morbihan.com\/vannes\/restaurant-lecocq-folks\/tabid\/12660\/offreid\/6bf26ea3-9470-418b-bb73-d59e3364a335\" target=\"_blank\" rel=\"noopener noreferrer nofollow\">LeCoq &amp; Folks<\/a>.<\/p><p>Wenn Sie sich in Vannes verliebt haben, sollten Sie diese fabelhafte Stadt auf dem Markt \"Halle des Lices\" erkunden. Auf diesem Markt k\u00f6nnen Sie lokale Meeresfr\u00fcchte kochen und essen.<\/p><p>Besuchen Sie Vannes zu zweit? Machen Sie einen Ausflug nach\u00a0<a title=\"Skulptur Vannes und seine Frau Emblem von Vannes Morbihan\" href=\"https:\/\/fr.wikipedia.org\/wiki\/Vannes_et_sa_femme\" target=\"_blank\" rel=\"noopener noreferrer nofollow\">Vannes und seine Frau<\/a>. Diese Skulptur eines Paares steht \u00fcber einem Haus am oberen Ende der Rue Bienheureux-Pierre-Ren\u00e9-Rogue und \u00fcberwacht die gesamte Stadt.<\/p><div id=\"kurato_extension_modal\">\u00a0<\/div>\t\t\t\t\t\t\t\t<\/div>\n\t\t\t\t<\/div>\n\t\t\t\t\t<\/div>\n\t\t\t\t<\/div>\n\t\t\t\t<\/div>","protected":false},"excerpt":{"rendered":"<p>Das Departement Morbihan besuchen Was kann man in Vannes besichtigen? Vannes ist eine Stadt mit 53 000 Einwohnern im s\u00fcdlichen Teil der Bretagne. Ihr mittelalterliches Aussehen und ihre Zugeh\u00f6rigkeit zum Golf von Morbihan werden Sie begeistern! Aber was kann man in Vannes w\u00e4hrend Ihres Aufenthalts im Best Western Vannes besichtigen? Ein unglaubliches Bretonisches Erbe [...].<\/p>","protected":false},"author":13,"featured_media":0,"parent":0,"menu_order":0,"comment_status":"closed","ping_status":"closed","template":"","meta":{"_acf_changed":false,"inline_featured_image":false,"footnotes":""},"class_list":["post-3508","page","type-page","status-publish","hentry"],"acf":[],"_links":{"self":[{"href":"https:\/\/www.bestwestern-vannescentre.com\/de\/wp-json\/wp\/v2\/pages\/3508","targetHints":{"allow":["GET"]}}],"collection":[{"href":"https:\/\/www.bestwestern-vannescentre.com\/de\/wp-json\/wp\/v2\/pages"}],"about":[{"href":"https:\/\/www.bestwestern-vannescentre.com\/de\/wp-json\/wp\/v2\/types\/page"}],"author":[{"embeddable":true,"href":"https:\/\/www.bestwestern-vannescentre.com\/de\/wp-json\/wp\/v2\/users\/13"}],"replies":[{"embeddable":true,"href":"https:\/\/www.bestwestern-vannescentre.com\/de\/wp-json\/wp\/v2\/comments?post=3508"}],"version-history":[{"count":31,"href":"https:\/\/www.bestwestern-vannescentre.com\/de\/wp-json\/wp\/v2\/pages\/3508\/revisions"}],"predecessor-version":[{"id":4444,"href":"https:\/\/www.bestwestern-vannescentre.com\/de\/wp-json\/wp\/v2\/pages\/3508\/revisions\/4444"}],"wp:attachment":[{"href":"https:\/\/www.bestwestern-vannescentre.com\/de\/wp-json\/wp\/v2\/media?parent=3508"}],"curies":[{"name":"wp","href":"https:\/\/api.w.org\/{rel}","templated":true}]}}