{"id":1003,"date":"2023-07-10T10:03:29","date_gmt":"2023-07-10T08:03:29","guid":{"rendered":"https:\/\/www.bestwestern-vannescentre.com\/?page_id=1003"},"modified":"2026-02-12T09:42:35","modified_gmt":"2026-02-12T08:42:35","slug":"access-and-contact-hotel-vannes-centre-ville","status":"publish","type":"page","link":"https:\/\/www.bestwestern-vannescentre.com\/en\/access-and-contact-hotel-vannes-centre-ville\/","title":{"rendered":"Access and contact"},"content":{"rendered":"<div data-elementor-type=\"wp-page\" data-elementor-id=\"1003\" class=\"elementor elementor-1003\" data-elementor-post-type=\"page\">\n\t\t\t\t<div class=\"elementor-element elementor-element-074881a e-con-full e-flex e-con e-parent\" data-id=\"074881a\" data-element_type=\"container\" id=\"top\" data-settings=\"{&quot;background_background&quot;:&quot;classic&quot;}\">\n\t\t\t\t<div class=\"elementor-element elementor-element-e5628e2 elementor-widget elementor-widget-heading\" data-id=\"e5628e2\" data-element_type=\"widget\" data-widget_type=\"heading.default\">\n\t\t\t\t<div class=\"elementor-widget-container\">\n\t\t\t\t\t<span class=\"elementor-heading-title elementor-size-default\">Access &amp; contact<\/span>\t\t\t\t<\/div>\n\t\t\t\t<\/div>\n\t\t\t\t<div class=\"elementor-element elementor-element-b69c7e6 elementor-widget elementor-widget-heading\" data-id=\"b69c7e6\" data-element_type=\"widget\" data-widget_type=\"heading.default\">\n\t\t\t\t<div class=\"elementor-widget-container\">\n\t\t\t\t\t<h1 class=\"elementor-heading-title elementor-size-default\">Vannes city centre hotel<\/h1>\t\t\t\t<\/div>\n\t\t\t\t<\/div>\n\t\t\t\t<\/div>\n\t\t<div class=\"elementor-element elementor-element-97adf77 e-con-full e-flex e-con e-parent\" data-id=\"97adf77\" data-element_type=\"container\" id=\"first-content\">\n\t\t\t\t<div class=\"elementor-element elementor-element-1035505 elementor-widget elementor-widget-heading\" data-id=\"1035505\" data-element_type=\"widget\" data-widget_type=\"heading.default\">\n\t\t\t\t<div class=\"elementor-widget-container\">\n\t\t\t\t\t<h2 class=\"elementor-heading-title elementor-size-default\">Contact<\/h2>\t\t\t\t<\/div>\n\t\t\t\t<\/div>\n\t\t\t\t<div class=\"elementor-element elementor-element-2d69df9 elementor-widget-divider--view-line_icon elementor-view-default elementor-widget-divider--element-align-center elementor-widget elementor-widget-global elementor-global-364 elementor-widget-divider\" data-id=\"2d69df9\" data-element_type=\"widget\" data-widget_type=\"divider.default\">\n\t\t\t\t<div class=\"elementor-widget-container\">\n\t\t\t\t\t\t\t<div class=\"elementor-divider\">\n\t\t\t<span class=\"elementor-divider-separator\">\n\t\t\t\t\t\t\t<div class=\"elementor-icon elementor-divider__element\">\n\t\t\t\t\t<i aria-hidden=\"true\" class=\"fas fa-dot-circle\"><\/i><\/div>\n\t\t\t\t\t\t<\/span>\n\t\t<\/div>\n\t\t\t\t\t\t<\/div>\n\t\t\t\t<\/div>\n\t\t<div class=\"elementor-element elementor-element-8b9ebac e-flex e-con-boxed e-con e-child\" data-id=\"8b9ebac\" data-element_type=\"container\">\n\t\t\t\t\t<div class=\"e-con-inner\">\n\t\t<div class=\"elementor-element elementor-element-384edfd e-con-full e-flex e-con e-child\" data-id=\"384edfd\" data-element_type=\"container\">\n\t\t\t\t<div class=\"elementor-element elementor-element-a6b8686 elementor-widget__width-initial elementor-widget elementor-widget-heading\" data-id=\"a6b8686\" data-element_type=\"widget\" data-widget_type=\"heading.default\">\n\t\t\t\t<div class=\"elementor-widget-container\">\n\t\t\t\t\t<h3 class=\"elementor-heading-title elementor-size-default\">Best Western Plus <\/br>Vannes Centre-Ville****<\/h3>\t\t\t\t<\/div>\n\t\t\t\t<\/div>\n\t\t\t\t<div class=\"elementor-element elementor-element-ccee7ca elementor-widget elementor-widget-text-editor\" data-id=\"ccee7ca\" data-element_type=\"widget\" data-widget_type=\"text-editor.default\">\n\t\t\t\t<div class=\"elementor-widget-container\">\n\t\t\t\t\t\t\t\t\t<p>6 place de la lib\u00e9ration<\/p><p>56,000 Vannes<\/p>\t\t\t\t\t\t\t\t<\/div>\n\t\t\t\t<\/div>\n\t\t<div class=\"elementor-element elementor-element-18b44e6 e-flex e-con-boxed e-con e-child\" data-id=\"18b44e6\" data-element_type=\"container\">\n\t\t\t\t\t<div class=\"e-con-inner\">\n\t\t\t\t<div class=\"elementor-element elementor-element-6003d85 elementor-view-default elementor-widget elementor-widget-icon\" data-id=\"6003d85\" data-element_type=\"widget\" data-widget_type=\"icon.default\">\n\t\t\t\t<div class=\"elementor-widget-container\">\n\t\t\t\t\t\t\t<div class=\"elementor-icon-wrapper\">\n\t\t\t<a class=\"elementor-icon\" href=\"https:\/\/www.facebook.com\/BWPLUSVANNES\" target=\"_blank\" rel=\"nofollow noopener\">\n\t\t\t<i aria-hidden=\"true\" class=\"eliofont eliofont-facebook\"><\/i>\t\t\t<\/a>\n\t\t<\/div>\n\t\t\t\t\t\t<\/div>\n\t\t\t\t<\/div>\n\t\t\t\t<div class=\"elementor-element elementor-element-5a64cca elementor-view-default elementor-widget elementor-widget-icon\" data-id=\"5a64cca\" data-element_type=\"widget\" data-widget_type=\"icon.default\">\n\t\t\t\t<div class=\"elementor-widget-container\">\n\t\t\t\t\t\t\t<div class=\"elementor-icon-wrapper\">\n\t\t\t<a class=\"elementor-icon\" href=\"https:\/\/www.instagram.com\/bestwestern_vannes_centre\/\" target=\"_blank\" rel=\"nofollow noopener\">\n\t\t\t<i aria-hidden=\"true\" class=\"eliofont eliofont-instagram\"><\/i>\t\t\t<\/a>\n\t\t<\/div>\n\t\t\t\t\t\t<\/div>\n\t\t\t\t<\/div>\n\t\t\t\t<div class=\"elementor-element elementor-element-8508b84 elementor-view-default elementor-widget elementor-widget-icon\" data-id=\"8508b84\" data-element_type=\"widget\" data-widget_type=\"icon.default\">\n\t\t\t\t<div class=\"elementor-widget-container\">\n\t\t\t\t\t\t\t<div class=\"elementor-icon-wrapper\">\n\t\t\t<a class=\"elementor-icon\" href=\"https:\/\/www.linkedin.com\/company\/h%C3%B4tel-best-western-plus-vannes-centre-ville\/\" target=\"_blank\" rel=\"nofollow noopener\">\n\t\t\t<i aria-hidden=\"true\" class=\"fab fa-linkedin\"><\/i>\t\t\t<\/a>\n\t\t<\/div>\n\t\t\t\t\t\t<\/div>\n\t\t\t\t<\/div>\n\t\t\t\t\t<\/div>\n\t\t\t\t<\/div>\n\t\t\t\t<\/div>\n\t\t<div class=\"elementor-element elementor-element-a448c43 e-con-full e-flex e-con e-child\" data-id=\"a448c43\" data-element_type=\"container\">\n\t\t\t\t<div class=\"elementor-element elementor-element-3d7d481 elementor-widget-tablet__width-inherit elementor-widget elementor-widget-form\" data-id=\"3d7d481\" data-element_type=\"widget\" data-settings=\"{&quot;button_width&quot;:&quot;50&quot;,&quot;step_next_label&quot;:&quot;Suivant&quot;,&quot;step_previous_label&quot;:&quot;Pr\\u00e9c\\u00e9dent&quot;,&quot;step_type&quot;:&quot;number_text&quot;,&quot;step_icon_shape&quot;:&quot;circle&quot;}\" data-widget_type=\"form.default\">\n\t\t\t\t<div class=\"elementor-widget-container\">\n\t\t\t\t\t\t\t<form class=\"elementor-form\" method=\"post\" name=\"Formulaire de contact\" aria-label=\"Contact form\" action=\"\">\n\t\t\t<input type=\"hidden\" name=\"post_id\" value=\"1003\"\/>\n\t\t\t<input type=\"hidden\" name=\"form_id\" value=\"3d7d481\"\/>\n\t\t\t<input type=\"hidden\" name=\"referer_title\" value=\"Acc\u00e8s &amp; Contact | H\u00f4tel Vannes centre ville\" \/>\n\n\t\t\t\t\t\t\t<input type=\"hidden\" name=\"queried_id\" value=\"1003\"\/>\n\t\t\t\n\t\t\t<div class=\"elementor-form-fields-wrapper elementor-labels-\">\n\t\t\t\t\t\t\t\t<div class=\"elementor-field-type-text elementor-field-group elementor-column elementor-field-group-name elementor-col-100 elementor-field-required\">\n\t\t\t\t\t\t\t\t\t\t\t\t<label for=\"form-field-name\" class=\"elementor-field-label elementor-screen-only\">\n\t\t\t\t\t\t\t\tFirst name\t\t\t\t\t\t\t<\/label>\n\t\t\t\t\t\t\t\t\t\t\t\t\t\t<input size=\"1\" type=\"text\" name=\"form_fields[name]\" id=\"form-field-name\" class=\"elementor-field elementor-size-sm  elementor-field-textual\" placeholder=\"Your first name\" required=\"required\">\n\t\t\t\t\t\t\t\t\t\t\t<\/div>\n\t\t\t\t\t\t\t\t<div class=\"elementor-field-type-text elementor-field-group elementor-column elementor-field-group-field_8703dc6 elementor-col-100 elementor-field-required\">\n\t\t\t\t\t\t\t\t\t\t\t\t<label for=\"form-field-field_8703dc6\" class=\"elementor-field-label elementor-screen-only\">\n\t\t\t\t\t\t\t\tName\t\t\t\t\t\t\t<\/label>\n\t\t\t\t\t\t\t\t\t\t\t\t\t\t<input size=\"1\" type=\"text\" name=\"form_fields[field_8703dc6]\" id=\"form-field-field_8703dc6\" class=\"elementor-field elementor-size-sm  elementor-field-textual\" placeholder=\"Your name\" required=\"required\">\n\t\t\t\t\t\t\t\t\t\t\t<\/div>\n\t\t\t\t\t\t\t\t<div class=\"elementor-field-type-email elementor-field-group elementor-column elementor-field-group-field_7e0b052 elementor-col-100 elementor-field-required\">\n\t\t\t\t\t\t\t\t\t\t\t\t<label for=\"form-field-field_7e0b052\" class=\"elementor-field-label elementor-screen-only\">\n\t\t\t\t\t\t\t\tE-mail\t\t\t\t\t\t\t<\/label>\n\t\t\t\t\t\t\t\t\t\t\t\t\t\t<input size=\"1\" type=\"email\" name=\"form_fields[field_7e0b052]\" id=\"form-field-field_7e0b052\" class=\"elementor-field elementor-size-sm  elementor-field-textual\" placeholder=\"Your e-mail\" required=\"required\">\n\t\t\t\t\t\t\t\t\t\t\t<\/div>\n\t\t\t\t\t\t\t\t<div class=\"elementor-field-type-tel elementor-field-group elementor-column elementor-field-group-field_2a53bfa elementor-col-100 elementor-field-required\">\n\t\t\t\t\t\t\t\t\t\t\t\t<label for=\"form-field-field_2a53bfa\" class=\"elementor-field-label elementor-screen-only\">\n\t\t\t\t\t\t\t\tTel\t\t\t\t\t\t\t<\/label>\n\t\t\t\t\t\t\t\t<input size=\"1\" type=\"tel\" name=\"form_fields[field_2a53bfa]\" id=\"form-field-field_2a53bfa\" class=\"elementor-field elementor-size-sm  elementor-field-textual\" placeholder=\"Your telephone number\" required=\"required\" pattern=\"[0-9()#&amp;+*-=.]+\" title=\"Only telephone number characters (#, -, *, etc.) are accepted.\">\n\n\t\t\t\t\t\t<\/div>\n\t\t\t\t\t\t\t\t<div class=\"elementor-field-type-text elementor-field-group elementor-column elementor-field-group-field_7454a64 elementor-col-100 elementor-field-required\">\n\t\t\t\t\t\t\t\t\t\t\t\t<label for=\"form-field-field_7454a64\" class=\"elementor-field-label elementor-screen-only\">\n\t\t\t\t\t\t\t\tSubject\t\t\t\t\t\t\t<\/label>\n\t\t\t\t\t\t\t\t\t\t\t\t\t\t<input size=\"1\" type=\"text\" name=\"form_fields[field_7454a64]\" id=\"form-field-field_7454a64\" class=\"elementor-field elementor-size-sm  elementor-field-textual\" placeholder=\"Subject\" required=\"required\">\n\t\t\t\t\t\t\t\t\t\t\t<\/div>\n\t\t\t\t\t\t\t\t<div class=\"elementor-field-type-textarea elementor-field-group elementor-column elementor-field-group-field_0a38f0a elementor-col-100 elementor-field-required\">\n\t\t\t\t\t\t\t\t\t\t\t\t<label for=\"form-field-field_0a38f0a\" class=\"elementor-field-label elementor-screen-only\">\n\t\t\t\t\t\t\t\tMessage\t\t\t\t\t\t\t<\/label>\n\t\t\t\t\t\t<textarea class=\"elementor-field-textual elementor-field  elementor-size-sm\" name=\"form_fields[field_0a38f0a]\" id=\"form-field-field_0a38f0a\" rows=\"4\" placeholder=\"Your message\" required=\"required\"><\/textarea>\t\t\t\t<\/div>\n\t\t\t\t\t\t\t\t<div class=\"elementor-field-type-acceptance elementor-field-group elementor-column elementor-field-group-field_580d704 elementor-col-100 elementor-field-required\">\n\t\t\t\t\t\t\t<div class=\"elementor-field-subgroup\">\n\t\t\t<span class=\"elementor-field-option\">\n\t\t\t\t<input type=\"checkbox\" name=\"form_fields[field_580d704]\" id=\"form-field-field_580d704\" class=\"elementor-field elementor-size-sm  elementor-acceptance-field\" required=\"required\">\n\t\t\t\t<label for=\"form-field-field_580d704\">Yes I give my consent *<\/label>\t\t\t<\/span>\n\t\t<\/div>\n\t\t\t\t\t\t<\/div>\n\t\t\t\t\t\t\t\t<div class=\"elementor-field-type-recaptcha_v3 elementor-field-group elementor-column elementor-field-group-field_fc9df06 elementor-col-100 recaptcha_v3-bottomright\">\n\t\t\t\t\t<div class=\"elementor-field\" id=\"form-field-field_fc9df06\"><div class=\"elementor-g-recaptcha\" data-sitekey=\"6Le-5kgqAAAAAJu4i-9QVQPjXhE2ZTTRVl4uxqbA\" data-type=\"v3\" data-action=\"Form\" data-badge=\"bottomright\" data-size=\"invisible\"><\/div><\/div>\t\t\t\t<\/div>\n\t\t\t\t\t\t\t\t<div class=\"elementor-field-type-html elementor-field-group elementor-column elementor-field-group-field_4fae223 elementor-col-100\">\n\t\t\t\t\t<div class=\"elementor-text-editor elementor-clearfix\">\n\t\t\t\t<p>*Mandatory fields. This information will remain confidential and will never be passed on to any organisation whatsoever.<\/p><p>**By submitting this form, I agree that the information entered on this form may be used and processed for the purpose of contacting me in connection with my request for information, whether by e-mail or telephone. To find out about and exercise your rights, in particular to withdraw your consent to the use of data collected by this form. Please consult our privacy policy. <a href=\"https:\/\/www.bestwestern-vannescentre.com\/en\/legal-information\/\"><span>Legal information<\/span><\/a><\/p><p>This site is protected by reCAPTCHA - <a href=\"https:\/\/policies.google.com\/privacy\" target=\"_blank\" rel=\"nofollow noopener\"><span>privacy policy<\/span><\/a> and <a href=\"https:\/\/policies.google.com\/terms\" target=\"_blank\" rel=\"nofollow noopener\"><span>conditions of service<\/span><\/a> apply.<\/p>\t\t\t\t\t<\/div>\t\t\t\t<\/div>\n\t\t\t\t\t\t\t\t<div class=\"elementor-field-group elementor-column elementor-field-type-submit elementor-col-50 e-form__buttons\">\n\t\t\t\t\t<button class=\"elementor-button elementor-size-sm\" type=\"submit\">\n\t\t\t\t\t\t<span class=\"elementor-button-content-wrapper\">\n\t\t\t\t\t\t\t\t\t\t\t\t\t\t\t\t\t\t\t\t\t\t<span class=\"elementor-button-text\">Send<\/span>\n\t\t\t\t\t\t\t\t\t\t\t\t\t<\/span>\n\t\t\t\t\t<\/button>\n\t\t\t\t<\/div>\n\t\t\t<\/div>\n\t\t<input type=\"hidden\" name=\"trp-form-language\" value=\"en\"\/><\/form>\n\t\t\t\t\t\t<\/div>\n\t\t\t\t<\/div>\n\t\t\t\t<\/div>\n\t\t\t\t\t<\/div>\n\t\t\t\t<\/div>\n\t\t\t\t<\/div>\n\t\t<div class=\"elementor-element elementor-element-13c9602 e-con-full e-flex e-con e-parent\" data-id=\"13c9602\" data-element_type=\"container\">\n\t\t\t\t<div class=\"elementor-element elementor-element-c54c5f8 elementor-widget__width-inherit elementor-widget elementor-widget-google_maps\" data-id=\"c54c5f8\" data-element_type=\"widget\" data-widget_type=\"google_maps.default\">\n\t\t\t\t<div class=\"elementor-widget-container\">\n\t\t\t\t\t\t\t<div class=\"elementor-custom-embed\">\n\t\t\t<iframe loading=\"lazy\"\n\t\t\t\t\tsrc=\"https:\/\/maps.google.com\/maps?q=6%20place%20de%20la%20lib%C3%A9ration%2056000%20VANNES&#038;t=m&#038;z=13&#038;output=embed&#038;iwloc=near\"\n\t\t\t\t\ttitle=\"6 place de la lib\u00e9ration 56000 VANNES\"\n\t\t\t\t\taria-label=\"6 place de la lib\u00e9ration 56000 VANNES\"\n\t\t\t><\/iframe>\n\t\t<\/div>\n\t\t\t\t\t\t<\/div>\n\t\t\t\t<\/div>\n\t\t\t\t<\/div>\n\t\t<div class=\"elementor-element elementor-element-d2b0dea e-flex e-con-boxed e-con e-parent\" data-id=\"d2b0dea\" data-element_type=\"container\">\n\t\t\t\t\t<div class=\"e-con-inner\">\n\t\t\t\t<div class=\"elementor-element elementor-element-c25b5d5 elementor-widget elementor-widget-heading\" data-id=\"c25b5d5\" data-element_type=\"widget\" data-widget_type=\"heading.default\">\n\t\t\t\t<div class=\"elementor-widget-container\">\n\t\t\t\t\t<h2 class=\"elementor-heading-title elementor-size-default\">Coming to our hotel in the heart of Vannes city centre<\/h2>\t\t\t\t<\/div>\n\t\t\t\t<\/div>\n\t\t\t\t<div class=\"elementor-element elementor-element-e2aa436 elementor-widget-divider--view-line_icon elementor-view-default elementor-widget-divider--element-align-center elementor-widget elementor-widget-global elementor-global-364 elementor-widget-divider\" data-id=\"e2aa436\" data-element_type=\"widget\" data-widget_type=\"divider.default\">\n\t\t\t\t<div class=\"elementor-widget-container\">\n\t\t\t\t\t\t\t<div class=\"elementor-divider\">\n\t\t\t<span class=\"elementor-divider-separator\">\n\t\t\t\t\t\t\t<div class=\"elementor-icon elementor-divider__element\">\n\t\t\t\t\t<i aria-hidden=\"true\" class=\"fas fa-dot-circle\"><\/i><\/div>\n\t\t\t\t\t\t<\/span>\n\t\t<\/div>\n\t\t\t\t\t\t<\/div>\n\t\t\t\t<\/div>\n\t\t<div class=\"elementor-element elementor-element-541cd4f e-con-full e-flex e-con e-child\" data-id=\"541cd4f\" data-element_type=\"container\">\n\t\t<div class=\"elementor-element elementor-element-f84fe1e e-con-full e-flex e-con e-child\" data-id=\"f84fe1e\" data-element_type=\"container\" data-settings=\"{&quot;background_background&quot;:&quot;classic&quot;}\">\n\t\t\t\t<div class=\"elementor-element elementor-element-fdd4527 elementor-widget__width-initial e-n-tabs-mobile elementor-widget elementor-widget-n-tabs\" data-id=\"fdd4527\" data-element_type=\"widget\" data-widget_type=\"nested-tabs.default\">\n\t\t\t\t<div class=\"elementor-widget-container\">\n\t\t\t\t\t\t\t<div class=\"e-n-tabs\" data-widget-number=\"266159399\" aria-label=\"Tabs. Open items using Enter or Space, close them using Esc and navigate using the arrow keys.\">\n\t\t\t<div class=\"e-n-tabs-heading\" role=\"tablist\">\n\t\t\t\t\t<button id=\"e-n-tab-title-2661593991\" class=\"e-n-tab-title\" aria-selected=\"true\" data-tab-index=\"1\" role=\"tab\" tabindex=\"0\" aria-controls=\"e-n-tab-content-2661593991\" style=\"--n-tabs-title-order: 1;\">\n\t\t\t\t\t<span class=\"e-n-tab-icon\">\n\t\t\t<i aria-hidden=\"true\" class=\"eliofont eliofont-car\"><\/i>\t\t\t<i aria-hidden=\"true\" class=\"eliofont eliofont-car\"><\/i>\t\t<\/span>\n\t\t\t\t\t<span class=\"e-n-tab-title-text\">\n\t\t\t\tBy car\t\t\t<\/span>\n\t\t<\/button>\n\t\t\t\t<button id=\"e-n-tab-title-2661593992\" class=\"e-n-tab-title\" aria-selected=\"false\" data-tab-index=\"2\" role=\"tab\" tabindex=\"-1\" aria-controls=\"e-n-tab-content-2661593992\" style=\"--n-tabs-title-order: 2;\">\n\t\t\t\t\t<span class=\"e-n-tab-icon\">\n\t\t\t<i aria-hidden=\"true\" class=\"eliofont eliofont-bicycle-shed\"><\/i>\t\t\t<i aria-hidden=\"true\" class=\"eliofont eliofont-bicycle-shed\"><\/i>\t\t<\/span>\n\t\t\t\t\t<span class=\"e-n-tab-title-text\">\n\t\t\t\tBy bike\t\t\t<\/span>\n\t\t<\/button>\n\t\t\t\t<button id=\"e-n-tab-title-2661593993\" class=\"e-n-tab-title\" aria-selected=\"false\" data-tab-index=\"3\" role=\"tab\" tabindex=\"-1\" aria-controls=\"e-n-tab-content-2661593993\" style=\"--n-tabs-title-order: 3;\">\n\t\t\t\t\t<span class=\"e-n-tab-icon\">\n\t\t\t<i aria-hidden=\"true\" class=\"eliofont eliofont-plane\"><\/i>\t\t\t<i aria-hidden=\"true\" class=\"eliofont eliofont-plane\"><\/i>\t\t<\/span>\n\t\t\t\t\t<span class=\"e-n-tab-title-text\">\n\t\t\t\tBy plane\t\t\t<\/span>\n\t\t<\/button>\n\t\t\t\t<button id=\"e-n-tab-title-2661593994\" class=\"e-n-tab-title\" aria-selected=\"false\" data-tab-index=\"4\" role=\"tab\" tabindex=\"-1\" aria-controls=\"e-n-tab-content-2661593994\" style=\"--n-tabs-title-order: 4;\">\n\t\t\t\t\t<span class=\"e-n-tab-icon\">\n\t\t\t<i aria-hidden=\"true\" class=\"eliofont eliofont-train\"><\/i>\t\t\t<i aria-hidden=\"true\" class=\"eliofont eliofont-train\"><\/i>\t\t<\/span>\n\t\t\t\t\t<span class=\"e-n-tab-title-text\">\n\t\t\t\tBy train\t\t\t<\/span>\n\t\t<\/button>\n\t\t\t\t\t<\/div>\n\t\t\t<div class=\"e-n-tabs-content\">\n\t\t\t\t<div id=\"e-n-tab-content-2661593991\" role=\"tabpanel\" aria-labelledby=\"e-n-tab-title-2661593991\" data-tab-index=\"1\" style=\"--n-tabs-title-order: 1;\" class=\"e-active elementor-element elementor-element-107f80f e-con-full e-flex e-con e-child\" data-id=\"107f80f\" data-element_type=\"container\" data-settings=\"{&quot;background_background&quot;:&quot;classic&quot;}\">\n\t\t\t\t<div class=\"elementor-element elementor-element-67bd1f3 elementor-widget elementor-widget-text-editor\" data-id=\"67bd1f3\" data-element_type=\"widget\" data-widget_type=\"text-editor.default\">\n\t\t\t\t<div class=\"elementor-widget-container\">\n\t\t\t\t\t\t\t\t\t<p>Paris-Vannes: 460 km - 4h00<br \/>Nantes-Vannes: 115 km - 1h00<br \/>2 car parks are available:<br \/>- 1 public pay car park opposite the hotel with coach spaces<br \/>- 1 private, secure pay car park in the hotel basement<br \/>For groups, a bus stop is available for dropping off passengers just outside the hotel.<\/p>\t\t\t\t\t\t\t\t<\/div>\n\t\t\t\t<\/div>\n\t\t\t\t<\/div>\n\t\t<div id=\"e-n-tab-content-2661593992\" role=\"tabpanel\" aria-labelledby=\"e-n-tab-title-2661593992\" data-tab-index=\"2\" style=\"--n-tabs-title-order: 2;\" class=\"elementor-element elementor-element-ffa8822 e-con-full e-flex e-con e-child\" data-id=\"ffa8822\" data-element_type=\"container\" data-settings=\"{&quot;background_background&quot;:&quot;classic&quot;}\">\n\t\t\t\t<div class=\"elementor-element elementor-element-0726680 elementor-widget elementor-widget-text-editor\" data-id=\"0726680\" data-element_type=\"widget\" data-widget_type=\"text-editor.default\">\n\t\t\t\t<div class=\"elementor-widget-container\">\n\t\t\t\t\t\t\t\t\t<p>Nantes &gt; Vannes: La V\u00e9lodyss\u00e9e EV1 + La Littorale V45 (Nantes to Roscoff)<\/p><p>\u00a0<\/p><p>Rennes &gt; Vannes: Channel-Ocean link V42 (Saint-Malo to Rennes) + La Littorale V45 (Nantes to Roscoff)<\/p><p>\u00a0<\/p><p>Lorient &gt; Vannes: La Littorale V45 (Roscoff to Nantes)<\/p>\t\t\t\t\t\t\t\t<\/div>\n\t\t\t\t<\/div>\n\t\t\t\t<\/div>\n\t\t<div id=\"e-n-tab-content-2661593993\" role=\"tabpanel\" aria-labelledby=\"e-n-tab-title-2661593993\" data-tab-index=\"3\" style=\"--n-tabs-title-order: 3;\" class=\"elementor-element elementor-element-778bbab e-con-full e-flex e-con e-child\" data-id=\"778bbab\" data-element_type=\"container\" data-settings=\"{&quot;background_background&quot;:&quot;classic&quot;}\">\n\t\t\t\t<div class=\"elementor-element elementor-element-9626e26 elementor-widget elementor-widget-text-editor\" data-id=\"9626e26\" data-element_type=\"widget\" data-widget_type=\"text-editor.default\">\n\t\t\t\t<div class=\"elementor-widget-container\">\n\t\t\t\t\t\t\t\t\t<p>Nantes-Atlantique: 110 km<br \/>Lorient Bretagne Sud: 60 km<\/p>\t\t\t\t\t\t\t\t<\/div>\n\t\t\t\t<\/div>\n\t\t\t\t<\/div>\n\t\t<div id=\"e-n-tab-content-2661593994\" role=\"tabpanel\" aria-labelledby=\"e-n-tab-title-2661593994\" data-tab-index=\"4\" style=\"--n-tabs-title-order: 4;\" class=\"elementor-element elementor-element-47107c9 e-con-full e-flex e-con e-child\" data-id=\"47107c9\" data-element_type=\"container\" data-settings=\"{&quot;background_background&quot;:&quot;classic&quot;}\">\n\t\t\t\t<div class=\"elementor-element elementor-element-689317f elementor-widget elementor-widget-text-editor\" data-id=\"689317f\" data-element_type=\"widget\" data-widget_type=\"text-editor.default\">\n\t\t\t\t<div class=\"elementor-widget-container\">\n\t\t\t\t\t\t\t\t\t<p>Vannes TGV station: 1.5 Km<br \/>Paris-Vannes: 2h30<\/p>\t\t\t\t\t\t\t\t<\/div>\n\t\t\t\t<\/div>\n\t\t\t\t<\/div>\n\t\t\t\t\t<\/div>\n\t\t<\/div>\n\t\t\t\t\t\t<\/div>\n\t\t\t\t<\/div>\n\t\t\t\t<\/div>\n\t\t\t\t<div class=\"elementor-element elementor-element-34faf51 elementor-widget__width-initial elementor-widget elementor-widget-text-editor\" data-id=\"34faf51\" data-element_type=\"widget\" data-widget_type=\"text-editor.default\">\n\t\t\t\t<div class=\"elementor-widget-container\">\n\t\t\t\t\t\t\t\t\t<p>The Best Western Plus Vannes Centre-Ville****, located at the gateway to the medieval centre and just a stone's throw from the main roads, is the ideal place for business or leisure tourism.<br \/>Located on the Place de la Lib\u00e9ration in Vannes, our hotel is easily accessible.<\/p>\t\t\t\t\t\t\t\t<\/div>\n\t\t\t\t<\/div>\n\t\t\t\t<\/div>\n\t\t\t\t\t<\/div>\n\t\t\t\t<\/div>\n\t\t\t\t<\/div>","protected":false},"excerpt":{"rendered":"<p>Acc\u00e8s &amp; contact H\u00f4tel Vannes centre-ville Contact Best Western Plus Vannes Centre-Ville**** 6 place de la lib\u00e9ration 56 000 Vannes Venir \u00e0 notre h\u00f4tel au c\u0153ur de Vannes centre-ville En voiture \u00c0 v\u00e9lo En avion En train Paris-Vannes : 460 km &#8211; 4h00Nantes-Vannes : 115 km &#8211; 1h002 parkings sont \u00e0 votre disposition :&#8211; 1 [&hellip;]<\/p>","protected":false},"author":13,"featured_media":0,"parent":0,"menu_order":0,"comment_status":"closed","ping_status":"closed","template":"","meta":{"_acf_changed":false,"inline_featured_image":false,"footnotes":""},"class_list":["post-1003","page","type-page","status-publish","hentry"],"acf":[],"_links":{"self":[{"href":"https:\/\/www.bestwestern-vannescentre.com\/en\/wp-json\/wp\/v2\/pages\/1003","targetHints":{"allow":["GET"]}}],"collection":[{"href":"https:\/\/www.bestwestern-vannescentre.com\/en\/wp-json\/wp\/v2\/pages"}],"about":[{"href":"https:\/\/www.bestwestern-vannescentre.com\/en\/wp-json\/wp\/v2\/types\/page"}],"author":[{"embeddable":true,"href":"https:\/\/www.bestwestern-vannescentre.com\/en\/wp-json\/wp\/v2\/users\/13"}],"replies":[{"embeddable":true,"href":"https:\/\/www.bestwestern-vannescentre.com\/en\/wp-json\/wp\/v2\/comments?post=1003"}],"version-history":[{"count":163,"href":"https:\/\/www.bestwestern-vannescentre.com\/en\/wp-json\/wp\/v2\/pages\/1003\/revisions"}],"predecessor-version":[{"id":6386,"href":"https:\/\/www.bestwestern-vannescentre.com\/en\/wp-json\/wp\/v2\/pages\/1003\/revisions\/6386"}],"wp:attachment":[{"href":"https:\/\/www.bestwestern-vannescentre.com\/en\/wp-json\/wp\/v2\/media?parent=1003"}],"curies":[{"name":"wp","href":"https:\/\/api.w.org\/{rel}","templated":true}]}}