{"id":1693,"date":"2023-09-12T10:45:49","date_gmt":"2023-09-12T08:45:49","guid":{"rendered":"https:\/\/www.bestwestern-vannescentre.com\/?page_id=1693"},"modified":"2025-10-10T12:52:57","modified_gmt":"2025-10-10T10:52:57","slug":"ofertas-especiales","status":"publish","type":"page","link":"https:\/\/www.bestwestern-vannescentre.com\/es\/ofertas-especiales\/","title":{"rendered":"Ofertas especiales"},"content":{"rendered":"<div data-elementor-type=\"wp-page\" data-elementor-id=\"1693\" class=\"elementor elementor-1693\" data-elementor-post-type=\"page\">\n\t\t\t\t<div class=\"elementor-element elementor-element-7792680 e-con-full e-flex e-con e-parent\" data-id=\"7792680\" data-element_type=\"container\" id=\"top\" data-settings=\"{&quot;background_background&quot;:&quot;classic&quot;}\">\n\t\t\t\t<div class=\"elementor-element elementor-element-5b076c7 elementor-widget elementor-widget-heading\" data-id=\"5b076c7\" data-element_type=\"widget\" data-widget_type=\"heading.default\">\n\t\t\t\t<div class=\"elementor-widget-container\">\n\t\t\t\t\t<h1 class=\"elementor-heading-title elementor-size-default\">Ofertas especiales<\/h1>\t\t\t\t<\/div>\n\t\t\t\t<\/div>\n\t\t\t\t<\/div>\n\t\t<div class=\"elementor-element elementor-element-4d4acbb e-flex e-con-boxed e-con e-parent\" data-id=\"4d4acbb\" data-element_type=\"container\" id=\"first-content\">\n\t\t\t\t\t<div class=\"e-con-inner\">\n\t\t\t\t<div class=\"elementor-element elementor-element-5b6bd87 elementor-widget elementor-widget-heading\" data-id=\"5b6bd87\" data-element_type=\"widget\" data-widget_type=\"heading.default\">\n\t\t\t\t<div class=\"elementor-widget-container\">\n\t\t\t\t\t<h2 class=\"elementor-heading-title elementor-size-default\">Nuestras ofertas actuales<\/h2>\t\t\t\t<\/div>\n\t\t\t\t<\/div>\n\t\t\t\t<div class=\"elementor-element elementor-element-30470c4 elementor-widget-divider--view-line_icon elementor-view-default elementor-widget-divider--element-align-center elementor-widget elementor-widget-global elementor-global-364 elementor-widget-divider\" data-id=\"30470c4\" data-element_type=\"widget\" data-widget_type=\"divider.default\">\n\t\t\t\t<div class=\"elementor-widget-container\">\n\t\t\t\t\t\t\t<div class=\"elementor-divider\">\n\t\t\t<span class=\"elementor-divider-separator\">\n\t\t\t\t\t\t\t<div class=\"elementor-icon elementor-divider__element\">\n\t\t\t\t\t<i aria-hidden=\"true\" class=\"fas fa-dot-circle\"><\/i><\/div>\n\t\t\t\t\t\t<\/span>\n\t\t<\/div>\n\t\t\t\t\t\t<\/div>\n\t\t\t\t<\/div>\n\t\t\t\t\t<\/div>\n\t\t\t\t<\/div>\n\t\t<div class=\"elementor-element elementor-element-406b445 e-flex e-con-boxed e-con e-parent\" data-id=\"406b445\" data-element_type=\"container\">\n\t\t\t\t\t<div class=\"e-con-inner\">\n\t\t\t\t<div class=\"elementor-element elementor-element-375cca2 elementor-pagination-type-bullets elementor-grid-3 elementor-grid-tablet-2 elementor-grid-mobile-1 elementor-arrows-position-inside elementor-widget elementor-widget-offers-list\" data-id=\"375cca2\" data-element_type=\"widget\" data-settings=\"{&quot;element_skin&quot;:&quot;card&quot;,&quot;space_between&quot;:{&quot;unit&quot;:&quot;px&quot;,&quot;size&quot;:12,&quot;sizes&quot;:[]},&quot;space_between_tablet&quot;:{&quot;unit&quot;:&quot;px&quot;,&quot;size&quot;:10,&quot;sizes&quot;:[]},&quot;space_between_mobile&quot;:{&quot;unit&quot;:&quot;px&quot;,&quot;size&quot;:10,&quot;sizes&quot;:[]},&quot;effect&quot;:&quot;slide&quot;,&quot;autoplay&quot;:&quot;no&quot;,&quot;swiper_arrows&quot;:&quot;yes&quot;,&quot;chevrons_visible&quot;:&quot;hover&quot;,&quot;carousel_first_only&quot;:&quot;no&quot;,&quot;infinite&quot;:&quot;yes&quot;,&quot;pagination&quot;:&quot;bullets&quot;,&quot;categories_filter&quot;:[&quot;*&quot;],&quot;item_ignore_filter&quot;:[],&quot;validity_date_format&quot;:&quot;long&quot;,&quot;cards_columns&quot;:&quot;3&quot;,&quot;cards_columns_tablet&quot;:&quot;2&quot;,&quot;cards_columns_mobile&quot;:&quot;1&quot;,&quot;row_gap&quot;:{&quot;unit&quot;:&quot;px&quot;,&quot;size&quot;:35,&quot;sizes&quot;:[]}}\" data-widget_type=\"offers-list.default\">\n\t\t\t\t<div class=\"elementor-widget-container\">\n\t\t\t\t\t                        <div class=\"eliophot-offers eliophot-offers__wrapper eliophot-base-list elementor-grid\">\n                    <input type=\"hidden\" class=\"api_id\" value=\"\">\n                            <div\n                class=\"eliophot-offer__container eliophot-base-list__container elementor-grid-item   eliophot-offer__skin-card eliophot-offer_ID_5339\"\n                data-category=\"\"\n                data-title = \"Escapade romantique en Bretagne\"\n                data-name = \"escapade-romantique-en-bretagne\"\n        >\n                    <div class=\"eliophot-carousel__slider elementor-swiper\">\n            <div class=\"eliophot-carousel-wrapper elementor-main-swiper swiper\">\n                <div class=\"elementor-image-carousel swiper-wrapper swiper-image-stretch\">\n                    <!-- Slides -->\n                    <div class=\"swiper-slide\">\n                        <div class=\"elementor-carousel-image slide-featured-image\" style=\"background-image: url('https:\/\/www.bestwestern-vannescentre.com\/wp-content\/uploads\/2025\/01\/Vignette-Site-BW-2024-1.png');\"><\/div>\n                        <link itemprop=\"image\" href=\"https:\/\/www.bestwestern-vannescentre.com\/wp-content\/uploads\/2025\/01\/Vignette-Site-BW-2024-1.png\" \/>\n                    <\/div>\n                <\/div>\n            <\/div>\n        <\/div>\n        <div class=\"eliophot-offer__group\">            <div class=\"eliophot-offer__body\">\n                        <!-- TODO: if page link enabled -->\n        <h3 class=\"eliophot-offer__title\">\n            <span class=\"title_before\"><\/span>\n            <a  href=\"https:\/\/www.bestwestern-vannescentre.com\/es\/ofertas-especiales\/escapada-romantica-a-bretana\/\">\n                            Escapada rom\u00e1ntica en Breta\u00f1a            <\/a>\n        <\/h3>\n                    <div class=\"eliophot-offer__summary\">\n                <p\n                                    >\n                    Reg\u00e1lese una escapada rom\u00e1ntica a Vannes. Alojamiento en una habitaci\u00f3n superior, desayunos, champ\u00e1n y delicias en la habitaci\u00f3n, acceso a la zona de fitness.                <\/p>\n            <\/div>\n                        <\/div>\n\n            \n        <div class=\"eliophot-offer__cta\" itemprop=\"offers\" itemscope itemtype=\"https:\/\/schema.org\/Offer\">\n            <div class=\"eliophot-offer__cta_container\">\n                                    <input type=\"hidden\" name=\"id_offer\" value=\"5339\"\/>\n                    <div class=\"eliophot-offer__cta_title\" itemprop=\"priceSpecification\" itemscope itemtype=\"https:\/\/schema.org\/UnitPriceSpecification\">\n                                            <\/div>\n\n                                <div class=\"eliophot-offer__cta_buttons\">\n                \n                                            <a href=\"https:\/\/www.bestwestern-vannescentre.com\/es\/ofertas-especiales\/escapada-romantica-a-bretana\/\" class=\"eliophot-offer__cta_button eliophot-offer__cta_button_second elementor-button-link elementor-button elementor-size-sm\">\n                            Descubra                        <\/a>\n                                    <\/div>\n            <\/div>\n        <\/div>\n                    <\/div>        <\/div>\n                <div\n                class=\"eliophot-offer__container eliophot-base-list__container elementor-grid-item   eliophot-offer__skin-card eliophot-offer_ID_5292\"\n                data-category=\"\"\n                data-title = \"Offre famille \u00e0 Vannes\"\n                data-name = \"offre-famille-a-vannes\"\n        >\n                    <div class=\"eliophot-carousel__slider elementor-swiper\">\n            <div class=\"eliophot-carousel-wrapper elementor-main-swiper swiper\">\n                <div class=\"elementor-image-carousel swiper-wrapper swiper-image-stretch\">\n                    <!-- Slides -->\n                    <div class=\"swiper-slide\">\n                        <div class=\"elementor-carousel-image slide-featured-image\" style=\"background-image: url('https:\/\/www.bestwestern-vannescentre.com\/wp-content\/uploads\/2024\/10\/Vignette-Site-BW-2024-9.png');\"><\/div>\n                        <link itemprop=\"image\" href=\"https:\/\/www.bestwestern-vannescentre.com\/wp-content\/uploads\/2024\/10\/Vignette-Site-BW-2024-9.png\" \/>\n                    <\/div>\n                <\/div>\n            <\/div>\n        <\/div>\n        <div class=\"eliophot-offer__group\">            <div class=\"eliophot-offer__body\">\n                        <!-- TODO: if page link enabled -->\n        <h3 class=\"eliophot-offer__title\">\n            <span class=\"title_before\"><\/span>\n            <a  href=\"https:\/\/www.bestwestern-vannescentre.com\/es\/ofertas-especiales\/oferta-familiar-en-vannes\/\">\n                            Oferta familiar en Vannes            <\/a>\n        <\/h3>\n                    <div class=\"eliophot-offer__summary\">\n                <p\n                                    >\n                    Regale a su familia una estancia inolvidable en Vannes con nuestra oferta especial D\u00faplex Familiar, que incluye alojamiento y desayuno para 4 personas a un precio reducido.                <\/p>\n            <\/div>\n                        <\/div>\n\n            \n        <div class=\"eliophot-offer__cta\" itemprop=\"offers\" itemscope itemtype=\"https:\/\/schema.org\/Offer\">\n            <div class=\"eliophot-offer__cta_container\">\n                                    <input type=\"hidden\" name=\"id_offer\" value=\"5292\"\/>\n                    <div class=\"eliophot-offer__cta_title\" itemprop=\"priceSpecification\" itemscope itemtype=\"https:\/\/schema.org\/UnitPriceSpecification\">\n                                            <\/div>\n\n                                <div class=\"eliophot-offer__cta_buttons\">\n                \n                                            <a href=\"https:\/\/www.bestwestern-vannescentre.com\/es\/ofertas-especiales\/oferta-familiar-en-vannes\/\" class=\"eliophot-offer__cta_button eliophot-offer__cta_button_second elementor-button-link elementor-button elementor-size-sm\">\n                            Descubra                        <\/a>\n                                    <\/div>\n            <\/div>\n        <\/div>\n                    <\/div>        <\/div>\n                <div\n                class=\"eliophot-offer__container eliophot-base-list__container elementor-grid-item   eliophot-offer__skin-card eliophot-offer_ID_4588\"\n                data-category=\"\"\n                data-title = \"Offre Sp\u00e9ciale Beaux Jours : Week-end Printanier \u00e0 Vannes\"\n                data-name = \"offre-speciale-beaux-jours\"\n        >\n                    <div class=\"eliophot-carousel__slider elementor-swiper\">\n            <div class=\"eliophot-carousel-wrapper elementor-main-swiper swiper\">\n                <div class=\"elementor-image-carousel swiper-wrapper swiper-image-stretch\">\n                    <!-- Slides -->\n                    <div class=\"swiper-slide\">\n                        <div class=\"elementor-carousel-image slide-featured-image\" style=\"background-image: url('https:\/\/www.bestwestern-vannescentre.com\/wp-content\/uploads\/2024\/10\/Offre-de-la-Toussaint-2.png');\"><\/div>\n                        <link itemprop=\"image\" href=\"https:\/\/www.bestwestern-vannescentre.com\/wp-content\/uploads\/2024\/10\/Offre-de-la-Toussaint-2.png\" \/>\n                    <\/div>\n                <\/div>\n            <\/div>\n        <\/div>\n        <div class=\"eliophot-offer__group\">            <div class=\"eliophot-offer__body\">\n                        <!-- TODO: if page link enabled -->\n        <h3 class=\"eliophot-offer__title\">\n            <span class=\"title_before\"><\/span>\n            <a  href=\"https:\/\/www.bestwestern-vannescentre.com\/es\/ofertas-especiales\/oferta-especial-de-verano\/\">\n                            Oferta especial Beaux Jours: Fin de semana de primavera en Vannes            <\/a>\n        <\/h3>\n                    <div class=\"eliophot-offer__summary\">\n                <p\n                                    >\n                    Reg\u00e1lese un fin de semana primaveral en Vannes con nuestra oferta especial: \u00a150% la segunda noche!                <\/p>\n            <\/div>\n                        <\/div>\n\n            \n        <div class=\"eliophot-offer__cta\" itemprop=\"offers\" itemscope itemtype=\"https:\/\/schema.org\/Offer\">\n            <div class=\"eliophot-offer__cta_container\">\n                                    <input type=\"hidden\" name=\"id_offer\" value=\"4588\"\/>\n                    <div class=\"eliophot-offer__cta_title\" itemprop=\"priceSpecification\" itemscope itemtype=\"https:\/\/schema.org\/UnitPriceSpecification\">\n                                            <\/div>\n\n                                <div class=\"eliophot-offer__cta_buttons\">\n                \n                                            <a href=\"https:\/\/www.bestwestern-vannescentre.com\/es\/ofertas-especiales\/oferta-especial-de-verano\/\" class=\"eliophot-offer__cta_button eliophot-offer__cta_button_second elementor-button-link elementor-button elementor-size-sm\">\n                            Descubra                        <\/a>\n                                    <\/div>\n            <\/div>\n        <\/div>\n                    <\/div>        <\/div>\n                <div\n                class=\"eliophot-offer__container eliophot-base-list__container elementor-grid-item   eliophot-offer__skin-card eliophot-offer_ID_402\"\n                data-category=\"\"\n                data-title = \"H\u00f4tel 4 \u00e9toiles \u00e0 Vannes : votre surclassement offert !\"\n                data-name = \"hotel-4-etoiles-a-vannes-votre-surclassement-offert\"\n        >\n                    <div class=\"eliophot-carousel__slider elementor-swiper\">\n            <div class=\"eliophot-carousel-wrapper elementor-main-swiper swiper\">\n                <div class=\"elementor-image-carousel swiper-wrapper swiper-image-stretch\">\n                    <!-- Slides -->\n                    <div class=\"swiper-slide\">\n                        <div class=\"elementor-carousel-image slide-featured-image\" style=\"background-image: url('https:\/\/www.bestwestern-vannescentre.com\/wp-content\/uploads\/2024\/10\/Vignette-Site-BW-2024-4.png');\"><\/div>\n                        <link itemprop=\"image\" href=\"https:\/\/www.bestwestern-vannescentre.com\/wp-content\/uploads\/2024\/10\/Vignette-Site-BW-2024-4.png\" \/>\n                    <\/div>\n                <\/div>\n            <\/div>\n        <\/div>\n        <div class=\"eliophot-offer__group\">            <div class=\"eliophot-offer__body\">\n                        <!-- TODO: if page link enabled -->\n        <h3 class=\"eliophot-offer__title\">\n            <span class=\"title_before\"><\/span>\n            <a  href=\"https:\/\/www.bestwestern-vannescentre.com\/es\/ofertas-especiales\/hotel-4-estrellas-en-vannes-su-upgrade-gratuito\/\">\n                            Hotel 4 estrellas en Vannes: \u00a1su upgrade gratuito!            <\/a>\n        <\/h3>\n                    <div class=\"eliophot-offer__summary\">\n                <p\n                                    >\n                    Disfrute de una confortable habitaci\u00f3n Superior a un precio econ\u00f3mico en nuestro hotel de Vannes.                <\/p>\n            <\/div>\n                        <\/div>\n\n            \n        <div class=\"eliophot-offer__cta\" itemprop=\"offers\" itemscope itemtype=\"https:\/\/schema.org\/Offer\">\n            <div class=\"eliophot-offer__cta_container\">\n                                    <input type=\"hidden\" name=\"id_offer\" value=\"402\"\/>\n                    <div class=\"eliophot-offer__cta_title\" itemprop=\"priceSpecification\" itemscope itemtype=\"https:\/\/schema.org\/UnitPriceSpecification\">\n                                            <\/div>\n\n                                <div class=\"eliophot-offer__cta_buttons\">\n                \n                                            <a href=\"https:\/\/www.bestwestern-vannescentre.com\/es\/ofertas-especiales\/hotel-4-estrellas-en-vannes-su-upgrade-gratuito\/\" class=\"eliophot-offer__cta_button eliophot-offer__cta_button_second elementor-button-link elementor-button elementor-size-sm\">\n                            Descubra                        <\/a>\n                                    <\/div>\n            <\/div>\n        <\/div>\n                    <\/div>        <\/div>\n                        <\/div>\n\n                \t\t\t\t<\/div>\n\t\t\t\t<\/div>\n\t\t\t\t\t<\/div>\n\t\t\t\t<\/div>\n\t\t\t\t<\/div>","protected":false},"excerpt":{"rendered":"<p>Ofertas especiales Nuestras ofertas actuales Ofertas especiales senior - Hotel en Breta\u00f1a \u00bfTiene m\u00e1s de 60 a\u00f1os? Benef\u00edciese de desayuno gratuito durante su estancia en Breta\u00f1a. Descubra el programa de fidelidad Best Western Rewards\u00ae \u00danase ahora al programa de fidelidad Best Western Rewards\u00ae y benef\u00edciese de ventajas exclusivas, descuentos inmediatos y [...].<\/p>","protected":false},"author":13,"featured_media":0,"parent":0,"menu_order":0,"comment_status":"closed","ping_status":"closed","template":"","meta":{"_acf_changed":false,"inline_featured_image":false,"footnotes":""},"class_list":["post-1693","page","type-page","status-publish","hentry"],"acf":[],"_links":{"self":[{"href":"https:\/\/www.bestwestern-vannescentre.com\/es\/wp-json\/wp\/v2\/pages\/1693","targetHints":{"allow":["GET"]}}],"collection":[{"href":"https:\/\/www.bestwestern-vannescentre.com\/es\/wp-json\/wp\/v2\/pages"}],"about":[{"href":"https:\/\/www.bestwestern-vannescentre.com\/es\/wp-json\/wp\/v2\/types\/page"}],"author":[{"embeddable":true,"href":"https:\/\/www.bestwestern-vannescentre.com\/es\/wp-json\/wp\/v2\/users\/13"}],"replies":[{"embeddable":true,"href":"https:\/\/www.bestwestern-vannescentre.com\/es\/wp-json\/wp\/v2\/comments?post=1693"}],"version-history":[{"count":160,"href":"https:\/\/www.bestwestern-vannescentre.com\/es\/wp-json\/wp\/v2\/pages\/1693\/revisions"}],"predecessor-version":[{"id":6267,"href":"https:\/\/www.bestwestern-vannescentre.com\/es\/wp-json\/wp\/v2\/pages\/1693\/revisions\/6267"}],"wp:attachment":[{"href":"https:\/\/www.bestwestern-vannescentre.com\/es\/wp-json\/wp\/v2\/media?parent=1693"}],"curies":[{"name":"wp","href":"https:\/\/api.w.org\/{rel}","templated":true}]}}