{"id":3508,"date":"2023-10-02T14:18:35","date_gmt":"2023-10-02T12:18:35","guid":{"rendered":"https:\/\/www.bestwestern-vannescentre.com\/?page_id=3508"},"modified":"2024-06-27T09:08:33","modified_gmt":"2024-06-27T07:08:33","slug":"visite-morbihan","status":"publish","type":"page","link":"https:\/\/www.bestwestern-vannescentre.com\/es\/visite-morbihan\/","title":{"rendered":"Visitar Morbihan"},"content":{"rendered":"<div data-elementor-type=\"wp-page\" data-elementor-id=\"3508\" class=\"elementor elementor-3508\" data-elementor-post-type=\"page\">\n\t\t\t\t<div class=\"elementor-element elementor-element-5f9660a e-con-full e-flex e-con e-parent\" data-id=\"5f9660a\" data-element_type=\"container\" data-settings=\"{&quot;background_background&quot;:&quot;classic&quot;}\">\n\t\t\t\t<div class=\"elementor-element elementor-element-3bc3c8c elementor-widget elementor-widget-heading\" data-id=\"3bc3c8c\" data-element_type=\"widget\" data-widget_type=\"heading.default\">\n\t\t\t\t<div class=\"elementor-widget-container\">\n\t\t\t\t\t<h1 class=\"elementor-heading-title elementor-size-default\">Visitar Morbihan<\/h1>\t\t\t\t<\/div>\n\t\t\t\t<\/div>\n\t\t\t\t<\/div>\n\t\t<div class=\"elementor-element elementor-element-b27345a e-flex e-con-boxed e-con e-parent\" data-id=\"b27345a\" data-element_type=\"container\">\n\t\t\t\t\t<div class=\"e-con-inner\">\n\t\t\t\t<div class=\"elementor-element elementor-element-9d34a93 elementor-widget elementor-widget-heading\" data-id=\"9d34a93\" data-element_type=\"widget\" data-widget_type=\"heading.default\">\n\t\t\t\t<div class=\"elementor-widget-container\">\n\t\t\t\t\t<h2 class=\"elementor-heading-title elementor-size-default\">Qu\u00e9 ver en Vannes<\/h2>\t\t\t\t<\/div>\n\t\t\t\t<\/div>\n\t\t\t\t\t<\/div>\n\t\t\t\t<\/div>\n\t\t<div class=\"elementor-element elementor-element-002f669 e-flex e-con-boxed e-con e-parent\" data-id=\"002f669\" data-element_type=\"container\">\n\t\t\t\t\t<div class=\"e-con-inner\">\n\t\t\t\t<div class=\"elementor-element elementor-element-bbad422 elementor-widget elementor-widget-heading\" data-id=\"bbad422\" data-element_type=\"widget\" data-widget_type=\"heading.default\">\n\t\t\t\t<div class=\"elementor-widget-container\">\n\t\t\t\t\t<h2 class=\"elementor-heading-title elementor-size-default\">Vannes es una ciudad de 53.000 habitantes situada en el sur de Breta\u00f1a. Su encanto medieval y su ubicaci\u00f3n en el golfo de Morbihan le conquistar\u00e1n. Pero, \u00bfqu\u00e9 puede visitar en Vannes durante su estancia en el Best Western Vannes?<\/h2>\t\t\t\t<\/div>\n\t\t\t\t<\/div>\n\t\t\t\t<div class=\"elementor-element elementor-element-9ea4ff6 elementor-widget elementor-widget-text-editor\" data-id=\"9ea4ff6\" data-element_type=\"widget\" data-widget_type=\"text-editor.default\">\n\t\t\t\t<div class=\"elementor-widget-container\">\n\t\t\t\t\t\t\t\t\t<h2><strong>Un incre\u00edble patrimonio bret\u00f3n<\/strong><\/h2><p>Para los amantes del patrimonio, Vannes lo tiene todo. Empiece paseando por sus callejuelas y admirando las coloridas casas con entramado de madera. El centro hist\u00f3rico est\u00e1 rodeado de murallas. \u00c9stas son especialmente antiguas, ya que datan de mediados del siglo III d.C.<sup>th<\/sup>\u00a0La ciudad se llamaba entonces Darioritum. Bajo las murallas, se pueden admirar los antiguos lavaderos, cuya construcci\u00f3n dur\u00f3 4 a\u00f1os, entre 1817 y 1821. A medida que vaya subiendo, podr\u00e1 contemplar la vista del\u00a0<a title=\"torre conn\u00e9table centro hist\u00f3rico vannes\" href=\"https:\/\/www.tripadvisor.fr\/Attraction_Review-g196537-d14135687-Reviews-Tour_du_Connetable-Vannes_Morbihan_Brittany.html\" target=\"_blank\" rel=\"noopener noreferrer nofollow\">Torre Conn\u00e9table<\/a>.<\/p><p>Uno de los edificios que no hay que perderse en Vannes es la catedral de Saint-Pierre, declarada monumento hist\u00f3rico desde 1906. Veinte a\u00f1os antes se construy\u00f3 el ayuntamiento, calco del de Par\u00eds. La regi\u00f3n bretona es una de las m\u00e1s importantes de Francia. Vannes fue sede del Parlamento bret\u00f3n, prueba de su importancia. El castillo de l'Hermine es la antigua residencia de los duques de Breta\u00f1a. Quienes sientan curiosidad por el pasado de la ciudad medieval pueden informarse visitando\u00a0<a title=\"Museo de Bellas Artes La Cohue Vannes Breta\u00f1a\" href=\"https:\/\/bretagnemusees.bzh\/musee\/la-cohue-musee-des-beaux-arts-de-vannes\/\" target=\"_blank\" rel=\"noopener noreferrer nofollow\">La Cohue<\/a>el museo contempor\u00e1neo.<\/p><p>La adhesi\u00f3n de Vannes a la\u00a0<a title=\"Visitar el Golfo de Morbihan Breta\u00f1a\" href=\"https:\/\/www.bestwestern-vannescentre.com\/es\/vannes-golfe.html\/\">Golfo de Morbihan<\/a>\u00a0ofrece acceso a m\u00e1s de 300 islas e islotes, incluido el<a title=\"ile d&#039;Arz vacaciones en breta\u00f1a\" href=\"https:\/\/www.morbihan.com\/accueil\/cote-mer\/les-iles-terres-du-large\/ile-d-arz\" target=\"_blank\" rel=\"noopener noreferrer nofollow\">\u00eele d'Arz<\/a>\u00a0o el<a title=\"\u00eele aux Moines Golfe du Morbihan Breta\u00f1a\" href=\"https:\/\/www.morbihan.com\/accueil\/cote-mer\/les-iles-terres-du-large\/ile-aux-moines\" target=\"_blank\" rel=\"noopener noreferrer nofollow\">\u00eele aux Moines<\/a>. Est\u00e1 considerada una de las bah\u00edas m\u00e1s bellas del mundo. Por el lado del mar, el puerto y la vela cautivar\u00e1n su coraz\u00f3n en Vannes. En tierra firme,\u00a0<a title=\"rutas costeras y de senderismo GR34 Golfe du Morbihan\" href=\"https:\/\/www.golfedumorbihan.bzh\/explorer-vannes\/activites-vannes\/randonnee-pedestre\/randonnees-vannes-alentours\/\" target=\"_blank\" rel=\"noopener noreferrer nofollow\">los numerosos senderos costeros<\/a>\u00a0son perfectas para los amantes del senderismo.<\/p><p>Tanto si sale en bicicleta como a pasear, encontrar\u00e1 el\u00a0<a title=\"Mapa de rutas ciclistas y senderos de Breta\u00f1a\" href=\"https:\/\/fr.calameo.com\/read\/000001315469a6538f8f7?page=1\" target=\"_blank\" rel=\"noopener noreferrer nofollow\"><strong>Mapa de Breta\u00f1a con senderos y rutas ciclistas<\/strong><\/a>.<\/p><h2><strong>Vannes, para todos los gustos<\/strong><\/h2><p>Vannes no es s\u00f3lo una sucesi\u00f3n de miradores y monumentos hist\u00f3ricos, cada uno m\u00e1s bello y admirable que el anterior. La ciudad es tambi\u00e9n un lugar ideal para salir y divertirse. Hay muchas tiendas donde podr\u00e1 vestirse con los colores de Breta\u00f1a. Despu\u00e9s, no dude en visitar\u00a0<a title=\"No se pierda el puerto de Vannes en Morbihan\" href=\"https:\/\/www.passeportescales.com\/fr\/port-vannes\" target=\"_blank\" rel=\"noopener noreferrer nofollow\">el puerto de Vannes<\/a>\u00a0para tomar una copa y disfrutar del clima mar\u00edtimo. Tambi\u00e9n podr\u00e1 degustar las especialidades regionales:\u00a0<a title=\"Degustaci\u00f3n de ostras Golfe du Morbihan Vannes\" href=\"https:\/\/www.golfedumorbihan.bzh\/explorer-vannes\/gastronomie-vannes\/deguster-des-huitres\/\" target=\"_blank\" rel=\"noopener noreferrer nofollow\">Ostras del Golfo<\/a>sidra local y el famoso Kouign Amann.<\/p><p>A lo largo del a\u00f1o, la ciudad acoge festivales de jazz e hist\u00f3ricos. En\u00a0<a title=\"original bar restaurante a orillas del agua Piano Barge Vannes\" href=\"https:\/\/www.morbihan.com\/vannes\/piano-barge\/tabid\/12419\/offreid\/1329886a-b899-427a-8969-5f5e7a316660\" target=\"_blank\" rel=\"noopener noreferrer nofollow\">Piano Barge<\/a>\u00a0es una barcaza-bar muy popular. Y los que quieran reunirse para el brunch apreciar\u00e1n\u00a0<a title=\"restaurante brunch vannes bretagne\" href=\"https:\/\/www.morbihan.com\/vannes\/restaurant-lecocq-folks\/tabid\/12660\/offreid\/6bf26ea3-9470-418b-bb73-d59e3364a335\" target=\"_blank\" rel=\"noopener noreferrer nofollow\">LeCoq &amp; Folks<\/a>.<\/p><p>Si se ha enamorado de Vannes, \u00bfpor qu\u00e9 no descubre esta fabulosa ciudad visitando la Halle des Lices? Aqu\u00ed podr\u00e1 cocinar y comer marisco local.<\/p><p>\u00bfVisita Vannes con su pareja? Visite\u00a0<a title=\"escultura vannes y su esposa emblema de Vannes Morbihan\" href=\"https:\/\/fr.wikipedia.org\/wiki\/Vannes_et_sa_femme\" target=\"_blank\" rel=\"noopener noreferrer nofollow\">Vannes y su esposa<\/a>. Esta escultura de una pareja, sobre una casa en lo alto de la rue Bienheureux-Pierre-Ren\u00e9-Rogue, vigila toda la ciudad.<\/p><div id=\"kurato_extension_modal\">\u00a0<\/div>\t\t\t\t\t\t\t\t<\/div>\n\t\t\t\t<\/div>\n\t\t\t\t\t<\/div>\n\t\t\t\t<\/div>\n\t\t\t\t<\/div>","protected":false},"excerpt":{"rendered":"<p>Visitar Morbihan Qu\u00e9 ver en Vannes Vannes es una ciudad de 53.000 habitantes situada en el sur de Breta\u00f1a. Su aspecto medieval y su ubicaci\u00f3n en el golfo de Morbihan le conquistar\u00e1n. Pero, \u00bfqu\u00e9 puede visitar en Vannes durante su estancia en el Best Western Vannes? Un incre\u00edble patrimonio bret\u00f3n [...]<\/p>","protected":false},"author":13,"featured_media":0,"parent":0,"menu_order":0,"comment_status":"closed","ping_status":"closed","template":"","meta":{"_acf_changed":false,"inline_featured_image":false,"footnotes":""},"class_list":["post-3508","page","type-page","status-publish","hentry"],"acf":[],"_links":{"self":[{"href":"https:\/\/www.bestwestern-vannescentre.com\/es\/wp-json\/wp\/v2\/pages\/3508","targetHints":{"allow":["GET"]}}],"collection":[{"href":"https:\/\/www.bestwestern-vannescentre.com\/es\/wp-json\/wp\/v2\/pages"}],"about":[{"href":"https:\/\/www.bestwestern-vannescentre.com\/es\/wp-json\/wp\/v2\/types\/page"}],"author":[{"embeddable":true,"href":"https:\/\/www.bestwestern-vannescentre.com\/es\/wp-json\/wp\/v2\/users\/13"}],"replies":[{"embeddable":true,"href":"https:\/\/www.bestwestern-vannescentre.com\/es\/wp-json\/wp\/v2\/comments?post=3508"}],"version-history":[{"count":31,"href":"https:\/\/www.bestwestern-vannescentre.com\/es\/wp-json\/wp\/v2\/pages\/3508\/revisions"}],"predecessor-version":[{"id":4444,"href":"https:\/\/www.bestwestern-vannescentre.com\/es\/wp-json\/wp\/v2\/pages\/3508\/revisions\/4444"}],"wp:attachment":[{"href":"https:\/\/www.bestwestern-vannescentre.com\/es\/wp-json\/wp\/v2\/media?parent=3508"}],"curies":[{"name":"wp","href":"https:\/\/api.w.org\/{rel}","templated":true}]}}